{"id":14,"date":"2024-08-16T16:22:48","date_gmt":"2024-08-16T14:22:48","guid":{"rendered":"https:\/\/am2e.fr\/?page_id=14"},"modified":"2024-08-18T11:04:30","modified_gmt":"2024-08-18T09:04:30","slug":"qui-sommes-nous","status":"publish","type":"page","link":"https:\/\/am2e.fr\/?page_id=14","title":{"rendered":"Qui sommes-nous!"},"content":{"rendered":"\n<p class=\"has-medium-font-size\" style=\"font-style:italic;font-weight:800\"><strong>AM2E propose des solutions compl\u00e8tes de conseil, d&rsquo;installation et de maintenance de syst\u00e8me de chauffage au bois et solaire de mani\u00e8re a vous garantir un maximum d&rsquo;autonomie \u00e9nerg\u00e9tique.<\/strong><\/p>\n\n\n\n<blockquote class=\"wp-block-quote is-layout-flow wp-block-quote-is-layout-flow\">\n<p>Laisser une marque ind\u00e9l\u00e9bile sur le paysage de demain. Ensemble fa\u00e7onnons l\u2019avenir.<\/p>\n<\/blockquote>\n\n\n\n<div class=\"wp-block-group alignfull has-accent-background-color has-background is-layout-constrained wp-container-core-group-is-layout-669513ed wp-block-group-is-layout-constrained\" style=\"margin-top:0;margin-bottom:0;padding-top:var(--wp--preset--spacing--50);padding-right:var(--wp--preset--spacing--50);padding-bottom:var(--wp--preset--spacing--50);padding-left:var(--wp--preset--spacing--50)\">\n<div class=\"wp-block-columns alignwide are-vertically-aligned-center is-layout-flex wp-container-core-columns-is-layout-1da03c2a wp-block-columns-is-layout-flex\">\n<div class=\"wp-block-column is-vertically-aligned-center is-layout-flow wp-block-column-is-layout-flow\" style=\"flex-basis:50%\">\n<figure class=\"wp-block-image aligncenter size-large is-style-rounded\"><img loading=\"lazy\" decoding=\"async\" width=\"1024\" height=\"681\" src=\"https:\/\/am2e.fr\/wp-content\/uploads\/2024\/08\/Paysage2-1024x681.jpeg\" alt=\"Paysage vers l'avenir\" class=\"wp-image-30\" srcset=\"https:\/\/am2e.fr\/wp-content\/uploads\/2024\/08\/Paysage2-1024x681.jpeg 1024w, https:\/\/am2e.fr\/wp-content\/uploads\/2024\/08\/Paysage2-300x199.jpeg 300w, https:\/\/am2e.fr\/wp-content\/uploads\/2024\/08\/Paysage2-768x510.jpeg 768w, https:\/\/am2e.fr\/wp-content\/uploads\/2024\/08\/Paysage2-1536x1021.jpeg 1536w, https:\/\/am2e.fr\/wp-content\/uploads\/2024\/08\/Paysage2.jpeg 1926w\" sizes=\"auto, (max-width: 1024px) 100vw, 1024px\" \/><\/figure>\n<\/div>\n<\/div>\n<\/div>\n\n\n\n<div class=\"wp-block-group alignfull is-layout-constrained wp-container-core-group-is-layout-669513ed wp-block-group-is-layout-constrained\" style=\"margin-top:0;margin-bottom:0;padding-top:var(--wp--preset--spacing--50);padding-right:var(--wp--preset--spacing--50);padding-bottom:var(--wp--preset--spacing--50);padding-left:var(--wp--preset--spacing--50)\">\n<div style=\"height:0.67rem;width:0px\" aria-hidden=\"true\" class=\"wp-block-spacer\"><\/div>\n\n\n\n<div class=\"wp-block-columns are-vertically-aligned-center is-layout-flex wp-container-core-columns-is-layout-4935966c wp-block-columns-is-layout-flex\" style=\"padding-right:0;padding-left:0\">\n<div class=\"wp-block-column is-vertically-aligned-center is-layout-flow wp-block-column-is-layout-flow\" style=\"flex-basis:400px\">\n<figure class=\"wp-block-image alignfull size-full is-style-rounded\"><img loading=\"lazy\" decoding=\"async\" width=\"1251\" height=\"1251\" src=\"https:\/\/am2e.fr\/wp-content\/uploads\/2024\/08\/Logo-Web_Logo-Final-AM2E.png\" alt=\"Logo entreprise\" class=\"wp-image-11\" srcset=\"https:\/\/am2e.fr\/wp-content\/uploads\/2024\/08\/Logo-Web_Logo-Final-AM2E.png 1251w, https:\/\/am2e.fr\/wp-content\/uploads\/2024\/08\/Logo-Web_Logo-Final-AM2E-300x300.png 300w, https:\/\/am2e.fr\/wp-content\/uploads\/2024\/08\/Logo-Web_Logo-Final-AM2E-1024x1024.png 1024w, https:\/\/am2e.fr\/wp-content\/uploads\/2024\/08\/Logo-Web_Logo-Final-AM2E-150x150.png 150w, https:\/\/am2e.fr\/wp-content\/uploads\/2024\/08\/Logo-Web_Logo-Final-AM2E-768x768.png 768w\" sizes=\"auto, (max-width: 1251px) 100vw, 1251px\" \/><figcaption class=\"wp-element-caption\">Logo de l&rsquo;entreprise<\/figcaption><\/figure>\n\n\n\n<div class=\"wp-block-group is-vertical is-content-justification-center is-nowrap is-layout-flex wp-container-core-group-is-layout-21d4e958 wp-block-group-is-layout-flex\">\n<p class=\"has-text-align-center has-large-font-size\">Antoine M\u00caME<\/p>\n<\/div>\n<\/div>\n\n\n\n<div class=\"wp-block-column is-vertically-aligned-center is-layout-flow wp-block-column-is-layout-flow\" style=\"flex-basis:400px\">\n<figure class=\"wp-block-image aligncenter size-full is-style-rounded\"><img loading=\"lazy\" decoding=\"async\" width=\"1920\" height=\"2560\" src=\"https:\/\/am2e.fr\/wp-content\/uploads\/2024\/08\/Stand-scaled.jpg\" alt=\"Nicolas\" class=\"wp-image-119\" style=\"aspect-ratio:1;object-fit:cover\" srcset=\"https:\/\/am2e.fr\/wp-content\/uploads\/2024\/08\/Stand-scaled.jpg 1920w, https:\/\/am2e.fr\/wp-content\/uploads\/2024\/08\/Stand-225x300.jpg 225w, https:\/\/am2e.fr\/wp-content\/uploads\/2024\/08\/Stand-768x1024.jpg 768w, https:\/\/am2e.fr\/wp-content\/uploads\/2024\/08\/Stand-1152x1536.jpg 1152w, https:\/\/am2e.fr\/wp-content\/uploads\/2024\/08\/Stand-1536x2048.jpg 1536w\" sizes=\"auto, (max-width: 1920px) 100vw, 1920px\" \/><\/figure>\n\n\n\n<div class=\"wp-block-group is-vertical is-content-justification-center is-nowrap is-layout-flex wp-container-core-group-is-layout-63bfd6c1 wp-block-group-is-layout-flex\">\n<p class=\"has-text-align-center has-large-font-size\">Nicolas GRIFFON<\/p>\n<\/div>\n<\/div>\n<\/div>\n<\/div>\n","protected":false},"excerpt":{"rendered":"<p>AM2E propose des solutions compl\u00e8tes de conseil, d&rsquo;installation et de maintenance de syst\u00e8me de chauffage au bois et solaire de mani\u00e8re a vous garantir un maximum d&rsquo;autonomie \u00e9nerg\u00e9tique. Laisser une marque ind\u00e9l\u00e9bile sur le paysage de demain. Ensemble fa\u00e7onnons l\u2019avenir. Antoine M\u00caME Nicolas GRIFFON<\/p>\n","protected":false},"author":1,"featured_media":27,"parent":0,"menu_order":0,"comment_status":"closed","ping_status":"closed","template":"","meta":{"footnotes":""},"class_list":["post-14","page","type-page","status-publish","has-post-thumbnail","hentry"],"blocksy_meta":[],"aioseo_notices":[],"_links":{"self":[{"href":"https:\/\/am2e.fr\/index.php?rest_route=\/wp\/v2\/pages\/14","targetHints":{"allow":["GET"]}}],"collection":[{"href":"https:\/\/am2e.fr\/index.php?rest_route=\/wp\/v2\/pages"}],"about":[{"href":"https:\/\/am2e.fr\/index.php?rest_route=\/wp\/v2\/types\/page"}],"author":[{"embeddable":true,"href":"https:\/\/am2e.fr\/index.php?rest_route=\/wp\/v2\/users\/1"}],"replies":[{"embeddable":true,"href":"https:\/\/am2e.fr\/index.php?rest_route=%2Fwp%2Fv2%2Fcomments&post=14"}],"version-history":[{"count":15,"href":"https:\/\/am2e.fr\/index.php?rest_route=\/wp\/v2\/pages\/14\/revisions"}],"predecessor-version":[{"id":133,"href":"https:\/\/am2e.fr\/index.php?rest_route=\/wp\/v2\/pages\/14\/revisions\/133"}],"wp:featuredmedia":[{"embeddable":true,"href":"https:\/\/am2e.fr\/index.php?rest_route=\/wp\/v2\/media\/27"}],"wp:attachment":[{"href":"https:\/\/am2e.fr\/index.php?rest_route=%2Fwp%2Fv2%2Fmedia&parent=14"}],"curies":[{"name":"wp","href":"https:\/\/api.w.org\/{rel}","templated":true}]}}